{"id":426,"date":"2021-06-02T17:18:01","date_gmt":"2021-06-02T17:18:01","guid":{"rendered":"https:\/\/nl.rwlas.com\/?page_id=426"},"modified":"2021-10-29T10:12:03","modified_gmt":"2021-10-29T10:12:03","slug":"labelling-identification","status":"publish","type":"page","link":"https:\/\/nl.rwlas.com\/nl\/labelling-identification\/","title":{"rendered":"Labelling &amp; Identificatie"},"content":{"rendered":"<section class=\"section\" id=\"section_151155429\">\n\t\t<div class=\"section-bg fill\" >\n\t\t\t\t\t\t\t<div class=\"video-overlay no-click fill visible\"><\/div>\n\t<video class=\"video-bg fill visible\" preload playsinline autoplay muted loop>\n\t\t<source src=\"\/wp-content\/uploads\/2021\/05\/page-shading-background.mp4\" type=\"video\/mp4\">\t<\/video>\n\t\t\t\n\t\t\t\n\n\t\t<\/div>\n\n\t\t\n\n\t\t<div class=\"section-content relative\">\n\t\t\t\n<div class=\"slider-wrapper relative\" id=\"slider-1083954777\" >\n    <div class=\"slider slider-nav-circle slider-nav-large slider-nav-light slider-style-normal\"\n        data-flickity-options='{            \"cellAlign\": \"center\",            \"imagesLoaded\": true,            \"lazyLoad\": 1,            \"freeScroll\": false,            \"wrapAround\": true,            \"autoPlay\": 6000,            \"pauseAutoPlayOnHover\" : true,            \"prevNextButtons\": true,            \"contain\" : true,            \"adaptiveHeight\" : true,            \"dragThreshold\" : 10,            \"percentPosition\": true,            \"pageDots\": false,            \"rightToLeft\": false,            \"draggable\": true,            \"selectedAttraction\": 0.1,            \"parallax\" : 0,            \"friction\": 0.6        }'\n        >\n        \n\n  <div class=\"banner has-hover header-slice has-slide-effect slide-zoom-in\" id=\"banner-2096783152\">\n          <div class=\"banner-inner fill\">\n        <div class=\"banner-bg fill\" >\n            <img loading=\"lazy\" decoding=\"async\" width=\"1000\" height=\"667\" src=\"https:\/\/nl.rwlas.com\/wp-content\/uploads\/sites\/4\/2021\/10\/145103837.jpeg\" class=\"bg attachment-original size-original\" alt=\"\" \/>                                    \n                    <\/div>\n\t\t\n        <div class=\"banner-layers container\">\n            <div class=\"fill banner-link\"><\/div>            \n   <div id=\"text-box-1521561277\" class=\"text-box banner-layer x5 md-x0 lg-x0 y35 md-y50 lg-y50 res-text\">\n                                <div class=\"text-box-content text dark\">\n              \n              <div class=\"text-inner text-left\">\n                  \n<div class=\"hero-title\">\n<h3>Labelling &amp; Identification<\/h3>\n<\/div>\n              <\/div>\n           <\/div>\n                            \n<style>\n#text-box-1521561277 .text-inner {\n  padding: 0px 0px px 0px;\n}\n#text-box-1521561277 {\n  width: 60%;\n}\n#text-box-1521561277 .text-box-content {\n  font-size: 100%;\n}\n@media (min-width:550px) {\n  #text-box-1521561277 .text-inner {\n    padding: 15px 15px 10px 15px;\n  }\n  #text-box-1521561277 {\n    width: 40%;\n  }\n}\n<\/style>\n    <\/div>\n \n        <\/div>\n      <\/div>\n\n            \n<style>\n#banner-2096783152 {\n  padding-top: 200px;\n}\n#banner-2096783152 .banner-bg img {\n  object-position: 26% 29%;\n}\n@media (min-width:550px) {\n  #banner-2096783152 {\n    padding-top: 300px;\n  }\n}\n<\/style>\n  <\/div>\n\n\n     <\/div>\n\n     <div class=\"loading-spin dark large centered\"><\/div>\n\n\t<\/div>\n\n\n<div class=\"row\"  id=\"row-528337593\">\n\n\t<div id=\"col-201414061\" class=\"col small-12 large-12\"  >\n\t\t\t\t<div class=\"col-inner\"  >\n\t\t\t\n\t\t\t\n<div class=\"row align-middle\"  id=\"row-1963697902\">\n\n\t<div id=\"col-1726325232\" class=\"col medium-3 small-12 large-3\"  >\n\t\t\t\t<div class=\"col-inner\"  >\n\t\t\t\n\t\t\t\n\t<div class=\"img has-hover x md-x lg-x y md-y lg-y\" id=\"image_938446193\">\n\t\t<a class=\"\" href=\"https:\/\/www.rwlas.com\/new-products\/panduit-mp100-mp300-mobile-printers\/\" target=\"_blank\" rel=\"noopener\" >\t\t\t\t<div data-animate=\"fadeInLeft\">\t\t<div class=\"img-inner dark\" >\n\t\t\t<img loading=\"lazy\" decoding=\"async\" width=\"772\" height=\"772\" src=\"https:\/\/nl.rwlas.com\/wp-content\/uploads\/sites\/4\/2021\/10\/Mobile-Printers-trans-logo-v1.png\" class=\"attachment-large size-large\" alt=\"\" srcset=\"https:\/\/nl.rwlas.com\/wp-content\/uploads\/sites\/4\/2021\/10\/Mobile-Printers-trans-logo-v1.png 772w, https:\/\/nl.rwlas.com\/wp-content\/uploads\/sites\/4\/2021\/10\/Mobile-Printers-trans-logo-v1-400x400.png 400w, https:\/\/nl.rwlas.com\/wp-content\/uploads\/sites\/4\/2021\/10\/Mobile-Printers-trans-logo-v1-280x280.png 280w, https:\/\/nl.rwlas.com\/wp-content\/uploads\/sites\/4\/2021\/10\/Mobile-Printers-trans-logo-v1-768x768.png 768w, https:\/\/nl.rwlas.com\/wp-content\/uploads\/sites\/4\/2021\/10\/Mobile-Printers-trans-logo-v1-12x12.png 12w\" sizes=\"auto, (max-width: 772px) 100vw, 772px\" \/>\t\t\t\t\t\t\n\t\t\t\t\t<\/div>\n\t\t<\/div>\t\t\t\t<\/a>\t\t\n<style>\n#image_938446193 {\n  width: 100%;\n}\n<\/style>\n\t<\/div>\n\t\n\t\t<\/div>\n\t\t\t\t\t<\/div>\n\n\t\n\n\t<div id=\"col-513085959\" class=\"col medium-8 small-12 large-8\"  data-animate=\"fadeInUp\">\n\t\t\t\t<div class=\"col-inner\"  >\n\t\t\t\n\t\t\t\n<h5 class=\"uppercase\">Printers<\/h5>\n<p>Panduit-printeroplossingen bieden de complete reeks oplossingen om aan uw behoeften te voldoen. Panduits nieuwe reeks mobiele printers, ontwikkeld in samenwerking met Epson, combineert de beste printtechnologie in zijn klasse met toonaangevende label- en softwaremogelijkheden. Deze printers zijn in staat om rechtstreeks vanaf mobiele telefoons via Bluetooth te printen op media als Turn-Tell, zelflaminerende, krimpkousen en doorlopende tape.<\/p>\n<p>Panduit biedt ook thermische desktopprinters voor etiketteringsvereisten. De desktopprinters hebben gemiddelde tot hoge volumes die duurzame, heldere, duidelijke legenda's en afbeeldingen cre\u00ebren. Dit zorgt voor superieure leesbaarheid. De thermische desktopprinter cre\u00ebert duurzame legendes; van de minst extreme tot de zwaarste industri\u00eble omgevingen.<\/p>\n\t\t<\/div>\n\t\t\t\t\t<\/div>\n\n\t\n<\/div>\n<div class=\"row\"  id=\"row-1493045855\">\n\n\t<div id=\"col-851917019\" class=\"col medium-6 small-12 large-6\"  data-animate=\"fadeInUp\">\n\t\t\t\t<div class=\"col-inner\"  >\n\t\t\t\n\t\t\t\n<h5 class=\"uppercase\">Etiketten en Software<\/h5>\n<p>Panduit staat wereldwijd bekend om haar betrouwbare en innovatieve oplossingen voor identificatie en veiligheid. De producten zijn ontworpen voor een breed scala aan industrie\u00ebn  en netwerktoepassingen.<\/p>\n<p>De Panduit Easy-Mark Plus\u2122-labelsoftware is krachtige, gebruiksvriendelijke en betaalbare software die innovatieve functies en functionaliteit biedt om aan unieke behoeftes te voldoen. Panduit biedt compleet, hoogwaardig labelmateriaal (allemaal RoHS-compatibel), van componentlabels tot krimpmarkers, van zelflaminerende labels tot permanent gebosseleerde roestvrijstalen markers, van unieke terminalblokmarkeringen tot labels op verhoogde panelen.<\/p>\n<p>De software en labeloplossingen van Panduit bieden het antwoord, ongeacht de milieu-eisen.<\/p>\n\t\t<\/div>\n\t\t\t\t\t<\/div>\n\n\t\n\n\t<div id=\"col-2051182598\" class=\"col medium-6 small-12 large-6\"  data-animate=\"fadeInUp\">\n\t\t\t\t<div class=\"col-inner\"  >\n\t\t\t\n\t\t\t\n<h5 class=\"uppercase\">Kabelbinders<\/h5>\n<p>Panduit\u00ae biedt de meest uitgebreide selectie van kabelbinderstijlen, maten, materialen en kleuren om aan uw behoeften te voldoen. Onze kabelbinders bundelen, monteren en identificeren in talloze toepassingen binnen, buiten en in ruwe omgevingen.<\/p>\n<p>Panduit vervaardigt kabelbinders in een grote verscheidenheid aan materialen die bestand zijn tegen extreme temperaturen; van -60\u00b0C tot 260\u00b0C (tot 540\u00b0C in roestvrij staal). Ook zijn de kabelbinders bestand tegen omgevingsfactoren zoals chemicali\u00ebn, UV-licht en straling.<\/p>\n<p>Panduit's roestvrijstalen kogelvergrendelende banden vari\u00ebren van 4,6 mm breed tot 15,9 mm breed en zijn verkrijgbaar in versies met enkele en dubbele omwikkeling om te voldoen aan alle omgevings-, trillings- en sterkte-eisen.<\/p>\n\t\t<\/div>\n\t\t\t\t\t<\/div>\n\n\t\n<\/div>\n\t\t<\/div>\n\t\t\t\t\t<\/div>\n\n\t\n\n<style>\n#row-528337593 > .col > .col-inner {\n  padding: 30px 0px 0px 0px;\n}\n<\/style>\n<\/div>\n\t\t<\/div>\n\n\t\t\n<style>\n#section_151155429 {\n  padding-top: 100px;\n  padding-bottom: 100px;\n}\n<\/style>\n\t<\/section>","protected":false},"excerpt":{"rendered":"","protected":false},"author":1,"featured_media":0,"parent":0,"menu_order":0,"comment_status":"closed","ping_status":"closed","template":"page-transparent-header.php","meta":{"footnotes":""},"class_list":["post-426","page","type-page","status-publish","hentry"],"yoast_head":"<!-- This site is optimized with the Yoast SEO plugin v27.2 - https:\/\/yoast.com\/product\/yoast-seo-wordpress\/ -->\n<title>Labelling &amp; Identification - RWL Advanced Solutions Netherlands<\/title>\n<meta name=\"robots\" content=\"index, follow, max-snippet:-1, max-image-preview:large, max-video-preview:-1\" \/>\n<link rel=\"canonical\" href=\"https:\/\/nl.rwlas.com\/nl\/labelling-identification\/\" \/>\n<meta property=\"og:locale\" content=\"nl_NL\" \/>\n<meta property=\"og:type\" content=\"article\" \/>\n<meta property=\"og:title\" content=\"Labelling &amp; Identification - RWL Advanced Solutions Netherlands\" \/>\n<meta property=\"og:url\" content=\"https:\/\/nl.rwlas.com\/nl\/labelling-identification\/\" \/>\n<meta property=\"og:site_name\" content=\"RWL Advanced Solutions Netherlands\" \/>\n<meta property=\"article:modified_time\" content=\"2021-10-29T10:12:03+00:00\" \/>\n<meta name=\"twitter:card\" content=\"summary_large_image\" \/>\n<meta name=\"twitter:label1\" content=\"Est. reading time\" \/>\n\t<meta name=\"twitter:data1\" content=\"2 minutes\" \/>\n<script type=\"application\/ld+json\" class=\"yoast-schema-graph\">{\"@context\":\"https:\/\/schema.org\",\"@graph\":[{\"@type\":\"WebPage\",\"@id\":\"https:\/\/nl.rwlas.com\/nl\/labelling-identification\/\",\"url\":\"https:\/\/nl.rwlas.com\/nl\/labelling-identification\/\",\"name\":\"Labelling & Identification - RWL Advanced Solutions Netherlands\",\"isPartOf\":{\"@id\":\"https:\/\/nl.rwlas.com\/#website\"},\"datePublished\":\"2021-06-02T17:18:01+00:00\",\"dateModified\":\"2021-10-29T10:12:03+00:00\",\"breadcrumb\":{\"@id\":\"https:\/\/nl.rwlas.com\/nl\/labelling-identification\/#breadcrumb\"},\"inLanguage\":\"nl-NL\",\"potentialAction\":[{\"@type\":\"ReadAction\",\"target\":[\"https:\/\/nl.rwlas.com\/nl\/labelling-identification\/\"]}]},{\"@type\":\"BreadcrumbList\",\"@id\":\"https:\/\/nl.rwlas.com\/nl\/labelling-identification\/#breadcrumb\",\"itemListElement\":[{\"@type\":\"ListItem\",\"position\":1,\"name\":\"Home\",\"item\":\"https:\/\/nl.rwlas.com\/\"},{\"@type\":\"ListItem\",\"position\":2,\"name\":\"Labelling &#038; Identification\"}]},{\"@type\":\"WebSite\",\"@id\":\"https:\/\/nl.rwlas.com\/#website\",\"url\":\"https:\/\/nl.rwlas.com\/\",\"name\":\"RWL Advanced Solutions Netherlands\",\"description\":\"Representing the leading information technology brands in Europe\",\"potentialAction\":[{\"@type\":\"SearchAction\",\"target\":{\"@type\":\"EntryPoint\",\"urlTemplate\":\"https:\/\/nl.rwlas.com\/?s={search_term_string}\"},\"query-input\":{\"@type\":\"PropertyValueSpecification\",\"valueRequired\":true,\"valueName\":\"search_term_string\"}}],\"inLanguage\":\"nl-NL\"}]}<\/script>\n<!-- \/ Yoast SEO plugin. -->","yoast_head_json":{"title":"Labelling & Identification - RWL Advanced Solutions Netherlands","robots":{"index":"index","follow":"follow","max-snippet":"max-snippet:-1","max-image-preview":"max-image-preview:large","max-video-preview":"max-video-preview:-1"},"canonical":"https:\/\/nl.rwlas.com\/nl\/labelling-identification\/","og_locale":"nl_NL","og_type":"article","og_title":"Labelling & Identification - RWL Advanced Solutions Netherlands","og_url":"https:\/\/nl.rwlas.com\/nl\/labelling-identification\/","og_site_name":"RWL Advanced Solutions Netherlands","article_modified_time":"2021-10-29T10:12:03+00:00","twitter_card":"summary_large_image","twitter_misc":{"Est. reading time":"2 minutes"},"schema":{"@context":"https:\/\/schema.org","@graph":[{"@type":"WebPage","@id":"https:\/\/nl.rwlas.com\/nl\/labelling-identification\/","url":"https:\/\/nl.rwlas.com\/nl\/labelling-identification\/","name":"Labelling & Identification - RWL Advanced Solutions Netherlands","isPartOf":{"@id":"https:\/\/nl.rwlas.com\/#website"},"datePublished":"2021-06-02T17:18:01+00:00","dateModified":"2021-10-29T10:12:03+00:00","breadcrumb":{"@id":"https:\/\/nl.rwlas.com\/nl\/labelling-identification\/#breadcrumb"},"inLanguage":"nl-NL","potentialAction":[{"@type":"ReadAction","target":["https:\/\/nl.rwlas.com\/nl\/labelling-identification\/"]}]},{"@type":"BreadcrumbList","@id":"https:\/\/nl.rwlas.com\/nl\/labelling-identification\/#breadcrumb","itemListElement":[{"@type":"ListItem","position":1,"name":"Home","item":"https:\/\/nl.rwlas.com\/"},{"@type":"ListItem","position":2,"name":"Labelling &#038; Identification"}]},{"@type":"WebSite","@id":"https:\/\/nl.rwlas.com\/#website","url":"https:\/\/nl.rwlas.com\/","name":"RWL Advanced Solutions Netherlands","description":"Vertegenwoordigt de toonaangevende merken op het gebied van informatietechnologie in Europa","potentialAction":[{"@type":"SearchAction","target":{"@type":"EntryPoint","urlTemplate":"https:\/\/nl.rwlas.com\/?s={search_term_string}"},"query-input":{"@type":"PropertyValueSpecification","valueRequired":true,"valueName":"search_term_string"}}],"inLanguage":"nl-NL"}]}},"_links":{"self":[{"href":"https:\/\/nl.rwlas.com\/nl\/wp-json\/wp\/v2\/pages\/426","targetHints":{"allow":["GET"]}}],"collection":[{"href":"https:\/\/nl.rwlas.com\/nl\/wp-json\/wp\/v2\/pages"}],"about":[{"href":"https:\/\/nl.rwlas.com\/nl\/wp-json\/wp\/v2\/types\/page"}],"author":[{"embeddable":true,"href":"https:\/\/nl.rwlas.com\/nl\/wp-json\/wp\/v2\/users\/1"}],"replies":[{"embeddable":true,"href":"https:\/\/nl.rwlas.com\/nl\/wp-json\/wp\/v2\/comments?post=426"}],"version-history":[{"count":11,"href":"https:\/\/nl.rwlas.com\/nl\/wp-json\/wp\/v2\/pages\/426\/revisions"}],"predecessor-version":[{"id":1080,"href":"https:\/\/nl.rwlas.com\/nl\/wp-json\/wp\/v2\/pages\/426\/revisions\/1080"}],"wp:attachment":[{"href":"https:\/\/nl.rwlas.com\/nl\/wp-json\/wp\/v2\/media?parent=426"}],"curies":[{"name":"wp","href":"https:\/\/api.w.org\/{rel}","templated":true}]}}