{"id":1675,"date":"2025-10-14T13:36:59","date_gmt":"2025-10-14T13:36:59","guid":{"rendered":"https:\/\/nl.rwlas.com\/product\/apc-by-schneider-electric-rack-power-distribution-unit\/"},"modified":"2025-10-14T13:36:59","modified_gmt":"2025-10-14T13:36:59","slug":"apc-by-schneider-electric-rack-power-distribution-unit","status":"publish","type":"product","link":"https:\/\/nl.rwlas.com\/nl\/product\/apc-by-schneider-electric-rack-power-distribution-unit\/","title":{"rendered":"APC by Schneider Electric &#8211; Rack Power Distribution Unit"},"content":{"rendered":"<p>We undersigned SCHNEIDER-ELECTRIC INDUSTRIE SAS declare that Schneider Electric branded products, when subject to state of the art installation, maintenance and use conforming to their intended purpose, according to applicable regulations and standards in the country where they are installed, to the supplier&#8217;s instructions comply with Essential Requirements of following European Directives. This declarationis issued under the soleresponsibility of themanufacturer. Nous, soussign\u00e9s SCHNEIDER ELECTRIC INDUSTRIES SAS, d\u00e9clarons par la pr\u00e9sente que nos produits catalogu\u00e9s sous marque Schneider Electric, et sous r\u00e9serve d&#8217;installation, d&#8217;entretien et d&#8217;utilisation conformes \u00e0 leur destination, \u00e0 la r\u00e9glementation, aux normes en vigueur au sein du pays d&#8217;installation, aux instructions du constructeur et aux r\u00e8gles de l&#8217;art, sont conformes aux exigences essentielles des Directives Europ\u00e9ennes suivantes. Cette d\u00e9claration est \u00e9mise sous la seule responsabilit\u00e9 du fabricant.<\/p>\n<p><strong>SKU \/ Product Code<\/strong> AP8853; AP8853X678; AP8856X657; AP8858; AP8858EU3; AP8881; AP8881X630; AP8881X902; AP8886; AP8886BLUX667; AP8886REDX667; AP8886X722; AP8886X630; AP8886X657; AP8886X810; AP8886X811<\/p>\n<h3>Attributes<\/h3>\n<ul>\n<li><strong>Type of products<\/strong>: RackPowerDistributionUnit \/ Unit\u00e9 de distribution d&#8217;alimentation en rack<\/li>\n<li><strong>Models<\/strong>: AP8853; AP8853X678; AP8856X657; AP8858; AP8858EU3; AP8881; AP8881X630; AP8881X902; AP8886; AP8886BLUX667; AP8886REDX667; AP8886X722; AP8886X630; AP8886X657; AP8886X810; AP8886X811<\/li>\n<li><strong>References note<\/strong>: Model numbers may be followed by letters or numbers<\/li>\n<li><strong>Directives<\/strong>: Low Voltage Directive 2014\/35\/EU; EMC Directive 2014\/30\/EU; RoHS Directive 2011\/65\/EU and 2015\/863; REACH Directive EC 1907\/2006<\/li>\n<li><strong>Standards listed<\/strong>: EN 62368-1:2014\/A11:2017; EN 55032:2015\/A11:2020; EN 55024:2010\/A1:2015; EN 55035:2017\/A11:2020; EN 61000-3-2:2014; EN 61000-3-3:2013; EN 61000-3-12:2011; EN\/IEC 63000:2018<\/li>\n<li><strong>CE marking application year<\/strong>: 2009<\/li>\n<li><strong>Manufacturer \/ Declarant<\/strong>: Schneider Electric SAS<\/li>\n<li><strong>Manufacturer Address<\/strong>: 35 Rue Joseph Monier, Rueil-Malmaison, France<\/li>\n<li><strong>Legal \/ Logistics information<\/strong>: Schneider Electric IT Logistics Europe Limited, City East Business Park, Ballybrit, Galway, Ireland<\/li>\n<li><strong>Signatory<\/strong>: Kevin Kemper, Director, Rack System Engineering<\/li>\n<li><strong>Declaration Date<\/strong>: 10-January-2022<\/li>\n<li><strong>Document reference<\/strong>: 992_9252_Rev06.docx<\/li>\n<\/ul>","protected":false},"excerpt":{"rendered":"<p>RackPowerDistributionUnit \/ Unit\u00e9 de distribution d&#8217;alimentation en rack<\/p>","protected":false},"featured_media":1676,"comment_status":"open","ping_status":"closed","template":"","meta":[],"product_brand":[],"product_cat":[422,61],"product_tag":[423,424,425,426,427,428,429,430,431,432,433],"class_list":{"0":"post-1675","1":"product","2":"type-product","3":"status-publish","4":"has-post-thumbnail","6":"product_cat-apc-by-schneider-electric","7":"product_cat-products","8":"product_tag-apc","9":"product_tag-ce-compliant","10":"product_tag-data-center-power","11":"product_tag-emc-compliant","12":"product_tag-pdu","13":"product_tag-power-distribution","14":"product_tag-rack-pdu","15":"product_tag-rack-power-distribution-unit","16":"product_tag-reach","17":"product_tag-rohs","18":"product_tag-schneider-electric","20":"first","21":"instock","22":"shipping-taxable","23":"product-type-simple"},"yoast_head":"<!-- This site is optimized with the Yoast SEO plugin v27.2 - https:\/\/yoast.com\/product\/yoast-seo-wordpress\/ -->\n<title>APC by Schneider Electric - Rack Power Distribution Unit - RWL Advanced Solutions Netherlands<\/title>\n<meta name=\"robots\" content=\"index, follow, max-snippet:-1, max-image-preview:large, max-video-preview:-1\" \/>\n<link rel=\"canonical\" href=\"https:\/\/nl.rwlas.com\/nl\/product\/apc-by-schneider-electric-rack-power-distribution-unit\/\" \/>\n<meta property=\"og:locale\" content=\"nl_NL\" \/>\n<meta property=\"og:type\" content=\"article\" \/>\n<meta property=\"og:title\" content=\"APC by Schneider Electric - Rack Power Distribution Unit - RWL Advanced Solutions Netherlands\" \/>\n<meta property=\"og:description\" content=\"RackPowerDistributionUnit \/ Unit\u00e9 de distribution d&#039;alimentation en rack\" \/>\n<meta property=\"og:url\" content=\"https:\/\/nl.rwlas.com\/nl\/product\/apc-by-schneider-electric-rack-power-distribution-unit\/\" \/>\n<meta property=\"og:site_name\" content=\"RWL Advanced Solutions Netherlands\" \/>\n<meta property=\"og:image\" content=\"https:\/\/nl.rwlas.com\/wp-content\/uploads\/sites\/4\/2025\/10\/APC-by-Schneider-Electric-Rack-Power-Distribution-Unit.png\" \/>\n\t<meta property=\"og:image:width\" content=\"1037\" \/>\n\t<meta property=\"og:image:height\" content=\"2268\" \/>\n\t<meta property=\"og:image:type\" content=\"image\/png\" \/>\n<meta name=\"twitter:card\" content=\"summary_large_image\" \/>\n<meta name=\"twitter:label1\" content=\"Est. reading time\" \/>\n\t<meta name=\"twitter:data1\" content=\"2 minutes\" \/>\n<script type=\"application\/ld+json\" class=\"yoast-schema-graph\">{\"@context\":\"https:\/\/schema.org\",\"@graph\":[{\"@type\":\"WebPage\",\"@id\":\"https:\/\/nl.rwlas.com\/product\/apc-by-schneider-electric-rack-power-distribution-unit\/\",\"url\":\"https:\/\/nl.rwlas.com\/product\/apc-by-schneider-electric-rack-power-distribution-unit\/\",\"name\":\"APC by Schneider Electric - Rack Power Distribution Unit - RWL Advanced Solutions Netherlands\",\"isPartOf\":{\"@id\":\"https:\/\/nl.rwlas.com\/#website\"},\"primaryImageOfPage\":{\"@id\":\"https:\/\/nl.rwlas.com\/product\/apc-by-schneider-electric-rack-power-distribution-unit\/#primaryimage\"},\"image\":{\"@id\":\"https:\/\/nl.rwlas.com\/product\/apc-by-schneider-electric-rack-power-distribution-unit\/#primaryimage\"},\"thumbnailUrl\":\"https:\/\/nl.rwlas.com\/wp-content\/uploads\/sites\/4\/2025\/10\/APC-by-Schneider-Electric-Rack-Power-Distribution-Unit.png\",\"datePublished\":\"2025-10-14T13:36:59+00:00\",\"breadcrumb\":{\"@id\":\"https:\/\/nl.rwlas.com\/product\/apc-by-schneider-electric-rack-power-distribution-unit\/#breadcrumb\"},\"inLanguage\":\"nl-NL\",\"potentialAction\":[{\"@type\":\"ReadAction\",\"target\":[\"https:\/\/nl.rwlas.com\/product\/apc-by-schneider-electric-rack-power-distribution-unit\/\"]}]},{\"@type\":\"ImageObject\",\"inLanguage\":\"nl-NL\",\"@id\":\"https:\/\/nl.rwlas.com\/product\/apc-by-schneider-electric-rack-power-distribution-unit\/#primaryimage\",\"url\":\"https:\/\/nl.rwlas.com\/wp-content\/uploads\/sites\/4\/2025\/10\/APC-by-Schneider-Electric-Rack-Power-Distribution-Unit.png\",\"contentUrl\":\"https:\/\/nl.rwlas.com\/wp-content\/uploads\/sites\/4\/2025\/10\/APC-by-Schneider-Electric-Rack-Power-Distribution-Unit.png\",\"width\":1037,\"height\":2268},{\"@type\":\"BreadcrumbList\",\"@id\":\"https:\/\/nl.rwlas.com\/product\/apc-by-schneider-electric-rack-power-distribution-unit\/#breadcrumb\",\"itemListElement\":[{\"@type\":\"ListItem\",\"position\":1,\"name\":\"Home\",\"item\":\"https:\/\/nl.rwlas.com\/\"},{\"@type\":\"ListItem\",\"position\":2,\"name\":\"Shop\",\"item\":\"https:\/\/nl.rwlas.com\/shop\/\"},{\"@type\":\"ListItem\",\"position\":3,\"name\":\"APC by Schneider Electric &#8211; Rack Power Distribution Unit\"}]},{\"@type\":\"WebSite\",\"@id\":\"https:\/\/nl.rwlas.com\/#website\",\"url\":\"https:\/\/nl.rwlas.com\/\",\"name\":\"RWL Advanced Solutions Netherlands\",\"description\":\"Representing the leading information technology brands in Europe\",\"potentialAction\":[{\"@type\":\"SearchAction\",\"target\":{\"@type\":\"EntryPoint\",\"urlTemplate\":\"https:\/\/nl.rwlas.com\/?s={search_term_string}\"},\"query-input\":{\"@type\":\"PropertyValueSpecification\",\"valueRequired\":true,\"valueName\":\"search_term_string\"}}],\"inLanguage\":\"nl-NL\"}]}<\/script>\n<!-- \/ Yoast SEO plugin. -->","yoast_head_json":{"title":"APC by Schneider Electric - Rack Power Distribution Unit - RWL Advanced Solutions Netherlands","robots":{"index":"index","follow":"follow","max-snippet":"max-snippet:-1","max-image-preview":"max-image-preview:large","max-video-preview":"max-video-preview:-1"},"canonical":"https:\/\/nl.rwlas.com\/nl\/product\/apc-by-schneider-electric-rack-power-distribution-unit\/","og_locale":"nl_NL","og_type":"article","og_title":"APC by Schneider Electric - Rack Power Distribution Unit - RWL Advanced Solutions Netherlands","og_description":"RackPowerDistributionUnit \/ Unit\u00e9 de distribution d'alimentation en rack","og_url":"https:\/\/nl.rwlas.com\/nl\/product\/apc-by-schneider-electric-rack-power-distribution-unit\/","og_site_name":"RWL Advanced Solutions Netherlands","og_image":[{"width":1037,"height":2268,"url":"https:\/\/nl.rwlas.com\/wp-content\/uploads\/sites\/4\/2025\/10\/APC-by-Schneider-Electric-Rack-Power-Distribution-Unit.png","type":"image\/png"}],"twitter_card":"summary_large_image","twitter_misc":{"Est. reading time":"2 minutes"},"schema":{"@context":"https:\/\/schema.org","@graph":[{"@type":"WebPage","@id":"https:\/\/nl.rwlas.com\/product\/apc-by-schneider-electric-rack-power-distribution-unit\/","url":"https:\/\/nl.rwlas.com\/product\/apc-by-schneider-electric-rack-power-distribution-unit\/","name":"APC by Schneider Electric - Rack Power Distribution Unit - RWL Advanced Solutions Netherlands","isPartOf":{"@id":"https:\/\/nl.rwlas.com\/#website"},"primaryImageOfPage":{"@id":"https:\/\/nl.rwlas.com\/product\/apc-by-schneider-electric-rack-power-distribution-unit\/#primaryimage"},"image":{"@id":"https:\/\/nl.rwlas.com\/product\/apc-by-schneider-electric-rack-power-distribution-unit\/#primaryimage"},"thumbnailUrl":"https:\/\/nl.rwlas.com\/wp-content\/uploads\/sites\/4\/2025\/10\/APC-by-Schneider-Electric-Rack-Power-Distribution-Unit.png","datePublished":"2025-10-14T13:36:59+00:00","breadcrumb":{"@id":"https:\/\/nl.rwlas.com\/product\/apc-by-schneider-electric-rack-power-distribution-unit\/#breadcrumb"},"inLanguage":"nl-NL","potentialAction":[{"@type":"ReadAction","target":["https:\/\/nl.rwlas.com\/product\/apc-by-schneider-electric-rack-power-distribution-unit\/"]}]},{"@type":"ImageObject","inLanguage":"nl-NL","@id":"https:\/\/nl.rwlas.com\/product\/apc-by-schneider-electric-rack-power-distribution-unit\/#primaryimage","url":"https:\/\/nl.rwlas.com\/wp-content\/uploads\/sites\/4\/2025\/10\/APC-by-Schneider-Electric-Rack-Power-Distribution-Unit.png","contentUrl":"https:\/\/nl.rwlas.com\/wp-content\/uploads\/sites\/4\/2025\/10\/APC-by-Schneider-Electric-Rack-Power-Distribution-Unit.png","width":1037,"height":2268},{"@type":"BreadcrumbList","@id":"https:\/\/nl.rwlas.com\/product\/apc-by-schneider-electric-rack-power-distribution-unit\/#breadcrumb","itemListElement":[{"@type":"ListItem","position":1,"name":"Home","item":"https:\/\/nl.rwlas.com\/"},{"@type":"ListItem","position":2,"name":"Shop","item":"https:\/\/nl.rwlas.com\/shop\/"},{"@type":"ListItem","position":3,"name":"APC by Schneider Electric &#8211; Rack Power Distribution Unit"}]},{"@type":"WebSite","@id":"https:\/\/nl.rwlas.com\/#website","url":"https:\/\/nl.rwlas.com\/","name":"RWL Advanced Solutions Netherlands","description":"Vertegenwoordigt de toonaangevende merken op het gebied van informatietechnologie in Europa","potentialAction":[{"@type":"SearchAction","target":{"@type":"EntryPoint","urlTemplate":"https:\/\/nl.rwlas.com\/?s={search_term_string}"},"query-input":{"@type":"PropertyValueSpecification","valueRequired":true,"valueName":"search_term_string"}}],"inLanguage":"nl-NL"}]}},"_links":{"self":[{"href":"https:\/\/nl.rwlas.com\/nl\/wp-json\/wp\/v2\/product\/1675","targetHints":{"allow":["GET"]}}],"collection":[{"href":"https:\/\/nl.rwlas.com\/nl\/wp-json\/wp\/v2\/product"}],"about":[{"href":"https:\/\/nl.rwlas.com\/nl\/wp-json\/wp\/v2\/types\/product"}],"replies":[{"embeddable":true,"href":"https:\/\/nl.rwlas.com\/nl\/wp-json\/wp\/v2\/comments?post=1675"}],"wp:featuredmedia":[{"embeddable":true,"href":"https:\/\/nl.rwlas.com\/nl\/wp-json\/wp\/v2\/media\/1676"}],"wp:attachment":[{"href":"https:\/\/nl.rwlas.com\/nl\/wp-json\/wp\/v2\/media?parent=1675"}],"wp:term":[{"taxonomy":"product_brand","embeddable":true,"href":"https:\/\/nl.rwlas.com\/nl\/wp-json\/wp\/v2\/product_brand?post=1675"},{"taxonomy":"product_cat","embeddable":true,"href":"https:\/\/nl.rwlas.com\/nl\/wp-json\/wp\/v2\/product_cat?post=1675"},{"taxonomy":"product_tag","embeddable":true,"href":"https:\/\/nl.rwlas.com\/nl\/wp-json\/wp\/v2\/product_tag?post=1675"}],"curies":[{"name":"wp","href":"https:\/\/api.w.org\/{rel}","templated":true}]}}